{"id":227,"date":"2022-04-18T13:43:16","date_gmt":"2022-04-18T10:43:16","guid":{"rendered":"https:\/\/aviarte.lt\/?post_type=product&#038;p=227"},"modified":"2025-06-10T04:10:01","modified_gmt":"2025-06-10T01:10:01","slug":"mokomasis-skrydis","status":"publish","type":"product","link":"https:\/\/aviarte.lt\/index.php\/product\/mokomasis-skrydis\/","title":{"rendered":"Pilotavimo pamoka"},"content":{"rendered":"<p>Visada svajojai skristi? \u017davi l\u0117ktuvai ir aviacija? O gal kaip tik jauti skryd\u017eio baim\u0119 ir nori j\u0105 \u012fveikti? I\u0161bandyk pilotavimo pamok\u0105, kurios metu \u012f aviacijos pasaul\u012f pakvies profesionalus ir ilgamet\u0119 patirt\u012f sukaup\u0119s pilotas. Susipa\u017einsi su orlaivio technika, su\u017einosi kaip j\u012f valdyti ir pats per\u0117m\u0119s vairalazd\u0119, gal\u0117si skrosti debesis! Skamba ne\u012ftik\u0117tinai? Bet visa tai \u2013 tikra! Profesionali pilotavimo pamoka \u2013 tiek pradedantiesiems, tiek prie l\u0117ktuvo vairo jau s\u0117d\u0117jusiems smalsuoliams.<\/p>\n<p>Su\u017einok. Pabandyk. Skrisk!<\/p>\n<p>Pilotavimo pamokos metu:<br \/>\n\u00b7 Susipa\u017einsi su orlaiviu ir jo valdymo subtilyb\u0117mis;<br \/>\n\u00b7 Padedant profesionalui, i\u0161moksi pats valdyti orlaiv\u012f;<br \/>\n\u00b7 \u012egysi ne\u012fkainojam\u0173 \u017eini\u0173 ir patirties.<\/p>\n<p>&nbsp;<\/p>\n<p>VIETA: Tel\u0161i\u0173 aerodromas, Try\u0161ki\u0173 g. 50, Tel\u0161iai 88102<br \/>\nTRUKM\u0116: skrydis trunka apie 30 min.<br \/>\nB\u016aTINA I\u0160ANKSTIN\u0116 REGISTRACIJA<br \/>\nKITA SVARBI INFORMACIJA: paslauga teikiama sezono metu, i\u0161 anksto suderintu laiku.<br \/>\nDOVANA SKIRTA: 1 asmeniui.<br \/>\nGALIOJIMO TRUKM\u0116: 12 m\u0117n.<\/p>\n<p>&nbsp;<\/p>\n<p>Papildoma informacija:<br \/>\n*Nerekomenduojame skristi n\u0117\u0161\u010dioms moterims, asmenims sergantiems \u0161irdies ligomis ar epilepsija.<br \/>\n*Asmenys apsvaig\u0119 nuo alkoholio, narkotini\u0173, psichotropini\u0173 ar kit\u0173 medikament\u0173 skraidinami nebus.<br \/>\n*Jeigu skryd\u017eio metu pasijusite blogai ar nuspr\u0119site, jog pamat\u0117te ir patyr\u0117te pakankamai, visada,<br \/>\nprane\u0161\u0119 pilotui, galite skryd\u012f u\u017ebaigti anks\u010diau.<br \/>\n*Asmenys iki 18 met\u0173 am\u017eiaus turi tur\u0117ti ra\u0161ti\u0161k\u0105 t\u0117v\u0173 sutikim\u0105 su nurodytu vieno<br \/>\ni\u0161 t\u0117v\u0173 telefonu.<\/p>\n<p>* Paslauga neteikiama esant nepalankioms oro s\u0105lygoms (t.y. lyjant, esant stipriam v\u0117jui,susidarius r\u016bkui<br \/>\nir pan.).<br \/>\n* Paslauga teikiama kiekvien\u0105 dien\u0105 nuo 10\u201320 val. Skryd\u017eiai vyksta skraidym\u0173 sezono metu nuo<br \/>\nbaland\u017eio 1d. iki lapkri\u010dio 1d. Paslauga teikiama asmenims iki 120 kg svorio.<br \/>\n* Rekomenduojama patogi, judesi\u0173 nevar\u017eanti apranga.<\/p>\n","protected":false},"excerpt":{"rendered":"<p>Pilotavimo pamokos metu:<br \/>\n\u00b7 Susipa\u017einsi su orlaiviu ir jo valdymo subtilyb\u0117mis;<br \/>\n\u00b7 Padedant profesionalui, i\u0161moksi pats valdyti orlaiv\u012f;<br \/>\n\u00b7 \u012egysi ne\u012fkainojam\u0173 \u017eini\u0173 ir patirties.<\/p>\n<p>VIETA: Tel\u0161i\u0173 aerodromas, Try\u0161ki\u0173 g. 50, Tel\u0161iai 88102<br \/>\nTRUKM\u0116: skrydis trunka apie 30 min.<br \/>\nB\u016aTINA I\u0160ANKSTIN\u0116 REGISTRACIJA<br \/>\nKITA SVARBI INFORMACIJA: paslauga teikiama sezono metu, i\u0161 anksto suderintu laiku.<br \/>\nDOVANA SKIRTA: 1 asmeniui.<br \/>\nGALIOJIMO TRUKM\u0116: 12 m\u0117n.<\/p>\n","protected":false},"featured_media":470,"comment_status":"open","ping_status":"closed","template":"","meta":{"om_disable_all_campaigns":false,"_monsterinsights_skip_tracking":false,"_monsterinsights_sitenote_active":false,"_monsterinsights_sitenote_note":"","_monsterinsights_sitenote_category":0},"product_cat":[30],"product_tag":[],"_links":{"self":[{"href":"https:\/\/aviarte.lt\/index.php\/wp-json\/wp\/v2\/product\/227"}],"collection":[{"href":"https:\/\/aviarte.lt\/index.php\/wp-json\/wp\/v2\/product"}],"about":[{"href":"https:\/\/aviarte.lt\/index.php\/wp-json\/wp\/v2\/types\/product"}],"replies":[{"embeddable":true,"href":"https:\/\/aviarte.lt\/index.php\/wp-json\/wp\/v2\/comments?post=227"}],"wp:featuredmedia":[{"embeddable":true,"href":"https:\/\/aviarte.lt\/index.php\/wp-json\/wp\/v2\/media\/470"}],"wp:attachment":[{"href":"https:\/\/aviarte.lt\/index.php\/wp-json\/wp\/v2\/media?parent=227"}],"wp:term":[{"taxonomy":"product_cat","embeddable":true,"href":"https:\/\/aviarte.lt\/index.php\/wp-json\/wp\/v2\/product_cat?post=227"},{"taxonomy":"product_tag","embeddable":true,"href":"https:\/\/aviarte.lt\/index.php\/wp-json\/wp\/v2\/product_tag?post=227"}],"curies":[{"name":"wp","href":"https:\/\/api.w.org\/{rel}","templated":true}]}}