{"id":224,"date":"2022-04-18T13:38:22","date_gmt":"2022-04-18T10:38:22","guid":{"rendered":"https:\/\/aviarte.lt\/?post_type=product&#038;p=224"},"modified":"2025-04-19T07:30:07","modified_gmt":"2025-04-19T04:30:07","slug":"skrydis-virs-telsiu","status":"publish","type":"product","link":"https:\/\/aviarte.lt\/index.php\/product\/skrydis-virs-telsiu\/","title":{"rendered":"Skrydis vir\u0161 Tel\u0161i\u0173"},"content":{"rendered":"<p>Ie\u0161kote dovanos sau ar Jums brangiam \u017emogui? Padovanokite ger\u0105 emocij\u0105 ir ilgai i\u0161liekan\u010dius \u012fsp\u016bd\u017eius! Pa\u017eintinis-mokomasis skrydis vir\u0161 Tel\u0161i\u0173 \u2013 tai galimyb\u0117 i\u0161vysti \u017eemaiti\u0161k\u0105 dvasi\u0105 alsuojan\u010dio miesto gro\u017e\u012f, susipa\u017einti su jo istorija, pasigro\u017e\u0117ti \u012fsp\u016bdingais Mas\u010dio e\u017eero ir aplink j\u012f besidriekian\u010dio miesto vaizdais.<\/p>\n<p>Skryd\u017eio metu Jus lydintis profesionalus pilotas ne tik suteiks skryd\u017eio laisv\u0119, bet ir atskleis aviacijos paslaptis bei pilotavimo technikos ypatumus.<\/p>\n<p>VIETA: Tel\u0161i\u0173 aerodromas, Try\u0161ki\u0173 g. 50, Tel\u0161iai 88102<br \/>\nTRUKM\u0116: skrydis trunka apie 15 min.<br \/>\nB\u016aTINA I\u0160ANKSTIN\u0116 REGISTRACIJA<br \/>\nKITA SVARBI INFORMACIJA: paslauga teikiama sezono metu, i\u0161 anksto suderintu laiku.<br \/>\nDOVANA SKIRTA: 1 asmeniui.<br \/>\nGALIOJIMO TRUKM\u0116: 12 m\u0117n.<\/p>\n<p>Papildoma informacija:<br \/>\n*Nerekomenduojame skristi n\u0117\u0161\u010dioms moterims, asmenims sergantiems \u0161irdies ligomis ar epilepsija.<br \/>\n*Asmenys apsvaig\u0119 nuo alkoholio, narkotini\u0173, psichotropini\u0173 ar kit\u0173 medikament\u0173 skraidinami nebus.<br \/>\n*Jeigu skryd\u017eio metu pasijusite blogai ar nuspr\u0119site, jog pamat\u0117te ir patyr\u0117te pakankamai, visada,<br \/>\nprane\u0161\u0119 pilotui, galite skryd\u012f u\u017ebaigti anks\u010diau.<br \/>\n*Asmenys iki 18 met\u0173 am\u017eiaus turi tur\u0117ti ra\u0161ti\u0161k\u0105 t\u0117v\u0173 sutikim\u0105 su nurodytu vieno<br \/>\ni\u0161 t\u0117v\u0173 telefonu.<\/p>\n<p>* Paslauga neteikiama esant nepalankioms oro s\u0105lygoms (t.y. lyjant, esant stipriam v\u0117jui,susidarius r\u016bkui<br \/>\nir pan.).<br \/>\n* Paslauga teikiama kiekvien\u0105 dien\u0105 nuo 10\u201320 val. Skryd\u017eiai vyksta skraidym\u0173 sezono metu nuo<br \/>\nbaland\u017eio 1d. iki lapkri\u010dio 1d. Paslauga teikiama asmenims iki 120 kg svorio.<br \/>\n* Rekomenduojama patogi, judesi\u0173 nevar\u017eanti apranga.<\/p>\n","protected":false},"excerpt":{"rendered":"<p>\u017dAVINGOJI \u017dEMAITIJOS SOSTIN\u0116 I\u0160 PAUK\u0160\u010cIO SKRYD\u017dIO!<\/p>\n<p>VIETA: Tel\u0161i\u0173 aerodromas, Try\u0161ki\u0173 g. 50, Tel\u0161iai 88102<br \/>\nTRUKM\u0116: skrydis trunka apie 15 min.<br \/>\nB\u016aTINA I\u0160ANKSTIN\u0116 REGISTRACIJA<br \/>\nKITA SVARBI INFORMACIJA: paslauga teikiama sezono metu, i\u0161 anksto suderintu laiku.<br \/>\nDOVANA SKIRTA: 1 asmeniui.<br \/>\nGALIOJIMO TRUKM\u0116: 12 m\u0117n.<\/p>\n","protected":false},"featured_media":607,"comment_status":"open","ping_status":"closed","template":"","meta":{"om_disable_all_campaigns":false,"_monsterinsights_skip_tracking":false,"_monsterinsights_sitenote_active":false,"_monsterinsights_sitenote_note":"","_monsterinsights_sitenote_category":0},"product_cat":[30],"product_tag":[],"_links":{"self":[{"href":"https:\/\/aviarte.lt\/index.php\/wp-json\/wp\/v2\/product\/224"}],"collection":[{"href":"https:\/\/aviarte.lt\/index.php\/wp-json\/wp\/v2\/product"}],"about":[{"href":"https:\/\/aviarte.lt\/index.php\/wp-json\/wp\/v2\/types\/product"}],"replies":[{"embeddable":true,"href":"https:\/\/aviarte.lt\/index.php\/wp-json\/wp\/v2\/comments?post=224"}],"wp:featuredmedia":[{"embeddable":true,"href":"https:\/\/aviarte.lt\/index.php\/wp-json\/wp\/v2\/media\/607"}],"wp:attachment":[{"href":"https:\/\/aviarte.lt\/index.php\/wp-json\/wp\/v2\/media?parent=224"}],"wp:term":[{"taxonomy":"product_cat","embeddable":true,"href":"https:\/\/aviarte.lt\/index.php\/wp-json\/wp\/v2\/product_cat?post=224"},{"taxonomy":"product_tag","embeddable":true,"href":"https:\/\/aviarte.lt\/index.php\/wp-json\/wp\/v2\/product_tag?post=224"}],"curies":[{"name":"wp","href":"https:\/\/api.w.org\/{rel}","templated":true}]}}