{"id":219,"date":"2022-04-18T13:33:19","date_gmt":"2022-04-18T10:33:19","guid":{"rendered":"https:\/\/aviarte.lt\/?post_type=product&#038;p=219"},"modified":"2025-01-14T21:24:40","modified_gmt":"2025-01-14T19:24:40","slug":"skrydis-virs-plateliu-ezero","status":"publish","type":"product","link":"https:\/\/aviarte.lt\/index.php\/product\/skrydis-virs-plateliu-ezero\/","title":{"rendered":"Skrydis vir\u0161 Plateli\u0173 e\u017eero"},"content":{"rendered":"<p>Plateliai \u2013 giliausias ir \u0161variausias e\u017eeras \u017demaitijoje, kasmet pritraukiantis minias poilsiautoj\u0173 ir vandens sporto bei nardymo aistruoli\u0173. Sm\u0117l\u0117tos e\u017eero pakrant\u0117s, auk\u0161ta\u016bg\u0117s pu\u0161ys ir e\u017eero horizonte plaukian\u010dios jachtos \u2013 reginys, kuris kuria i\u0161skirtin\u0119 ramyb\u0119 ir jauki\u0105 nuotaik\u0105. Ta\u010diau \u0161is vaizdas gali b\u016bti dar kitoks!<\/p>\n<p>Plateli\u0173 e\u017eero pa\u017eintis l\u0117ktuvu \u2013 tai \u012fsp\u016bdinga, dar daugiau \u017eavesio teikianti kelion\u0117, leid\u017eianti i\u0161 auk\u0161tai susipa\u017einti su septyniomis Plateli\u0173 e\u017eero salomis, pamatyti sovietme\u010diu \u012frengt\u0105 Plok\u0161tin\u0117s raket\u0173 baz\u0119 ir perregimus e\u017eero gilumos stebuklus&#8230;<\/p>\n<p>VIETA: Tel\u0161i\u0173 aerodromas, Try\u0161ki\u0173 g. 50, Tel\u0161iai 88102<br \/>\nTRUKM\u0116: skrydis trunka apie 30 min.<br \/>\nB\u016aTINA I\u0160ANKSTIN\u0116 REGISTRACIJA<br \/>\nKITA SVARBI INFORMACIJA: paslauga teikiama sezono metu, i\u0161 anksto suderintu laiku.<br \/>\nDOVANA SKIRTA: 1 asmeniui.<br \/>\nGALIOJIMO TRUKM\u0116: 12 m\u0117n.<\/p>\n<p>Papildoma informacija:<br \/>\n*Nerekomenduojame skristi n\u0117\u0161\u010dioms moterims, asmenims sergantiems \u0161irdies ligomis ar epilepsija.<br \/>\n*Asmenys apsvaig\u0119 nuo alkoholio, narkotini\u0173, psichotropini\u0173 ar kit\u0173 medikament\u0173 skraidinami nebus.<br \/>\n*Jeigu skryd\u017eio metu pasijusite blogai ar nuspr\u0119site, jog pamat\u0117te ir patyr\u0117te pakankamai, visada,<br \/>\nprane\u0161\u0119 pilotui, galite skryd\u012f u\u017ebaigti anks\u010diau.<br \/>\n*Asmenys iki 18 met\u0173 am\u017eiaus turi tur\u0117ti ra\u0161ti\u0161k\u0105 t\u0117v\u0173 sutikim\u0105 su nurodytu vieno<br \/>\ni\u0161 t\u0117v\u0173 telefonu.<\/p>\n<p>* Paslauga neteikiama esant nepalankioms oro s\u0105lygoms (t.y. lyjant, esant stipriam v\u0117jui,susidarius r\u016bkui<br \/>\nir pan.).<br \/>\n* Paslauga teikiama kiekvien\u0105 dien\u0105 nuo 10\u201320 val. Skryd\u017eiai vyksta skraidym\u0173 sezono metu nuo<br \/>\nbaland\u017eio 1d. iki lapkri\u010dio 1d. Paslauga teikiama asmenims iki 120 kg svorio.<br \/>\n* Rekomenduojama patogi, judesi\u0173 nevar\u017eanti apranga.<\/p>\n<p>&nbsp;<\/p>\n","protected":false},"excerpt":{"rendered":"<p>VIETA: Tel\u0161i\u0173 aerodromas, Try\u0161ki\u0173 g. 50, Tel\u0161iai 88102<br \/>\nTRUKM\u0116: skrydis trunka apie 30 min.<br \/>\nB\u016aTINA I\u0160ANKSTIN\u0116 REGISTRACIJA<br \/>\nKITA SVARBI INFORMACIJA: paslauga teikiama sezono metu, i\u0161 anksto suderintu laiku.<br \/>\nDOVANA SKIRTA: 1 asmeniui.<br \/>\nGALIOJIMO TRUKM\u0116: 12 m\u0117n.<\/p>\n","protected":false},"featured_media":493,"comment_status":"open","ping_status":"closed","template":"","meta":{"om_disable_all_campaigns":false,"_monsterinsights_skip_tracking":false,"_monsterinsights_sitenote_active":false,"_monsterinsights_sitenote_note":"","_monsterinsights_sitenote_category":0},"product_cat":[30],"product_tag":[],"_links":{"self":[{"href":"https:\/\/aviarte.lt\/index.php\/wp-json\/wp\/v2\/product\/219"}],"collection":[{"href":"https:\/\/aviarte.lt\/index.php\/wp-json\/wp\/v2\/product"}],"about":[{"href":"https:\/\/aviarte.lt\/index.php\/wp-json\/wp\/v2\/types\/product"}],"replies":[{"embeddable":true,"href":"https:\/\/aviarte.lt\/index.php\/wp-json\/wp\/v2\/comments?post=219"}],"wp:featuredmedia":[{"embeddable":true,"href":"https:\/\/aviarte.lt\/index.php\/wp-json\/wp\/v2\/media\/493"}],"wp:attachment":[{"href":"https:\/\/aviarte.lt\/index.php\/wp-json\/wp\/v2\/media?parent=219"}],"wp:term":[{"taxonomy":"product_cat","embeddable":true,"href":"https:\/\/aviarte.lt\/index.php\/wp-json\/wp\/v2\/product_cat?post=219"},{"taxonomy":"product_tag","embeddable":true,"href":"https:\/\/aviarte.lt\/index.php\/wp-json\/wp\/v2\/product_tag?post=219"}],"curies":[{"name":"wp","href":"https:\/\/api.w.org\/{rel}","templated":true}]}}