{"id":92,"date":"2022-04-10T16:07:35","date_gmt":"2022-04-10T16:07:35","guid":{"rendered":"https:\/\/aviarte.lt\/?page_id=92"},"modified":"2024-01-23T18:15:39","modified_gmt":"2024-01-23T16:15:39","slug":"shop-2","status":"publish","type":"page","link":"https:\/\/aviarte.lt\/","title":{"rendered":"Sveiki atvyk\u0119"},"content":{"rendered":"\n<p><strong>\u201eAviarte\u201c <\/strong>\u2013 tai \u017demaitijos \u0161irdyje, Tel\u0161i\u0173 Aerodrome \u012fsik\u016brusi pilot\u0173 mokykla, teikianti paslaugas visoje \u017demaitijoje ir Vakar\u0173 Lietuvoje. Sutelk\u0119  patirt\u012f, ver\u017elum\u0105 ir inovatyvius sprendimus, \u201eAviarte\u201c komandos profesionalai organizuoja mokomuosius-pramoginius skryd\u017eius.<\/p>\n\n\n\n<p><br>\u012emon\u0117s \u201eAviarte\u201c \u012fk\u016br\u0117jas \u2013 Art\u016bras Pilvinis. Dangus ir l\u0117ktuvai jam did\u017eiausia gyvenimo aistra. Sukaup\u0119s daugiau kaip 3000 val. skraidymo patirt\u012f, Art\u016bras skraido l\u0117ktuvais, sklandytuvais, dalyvauja var\u017eybose ir skraidymo meno moko kitus.<\/p>\n","protected":false},"excerpt":{"rendered":"<p>\u201eAviarte\u201c \u2013 tai \u017demaitijos \u0161irdyje, Tel\u0161i\u0173 Aerodrome \u012fsik\u016brusi pilot\u0173 mokykla, teikianti paslaugas visoje \u017demaitijoje ir Vakar\u0173 Lietuvoje. Sutelk\u0119 patirt\u012f, ver\u017elum\u0105 ir inovatyvius sprendimus, \u201eAviarte\u201c komandos profesionalai organizuoja mokomuosius-pramoginius skryd\u017eius. \u012emon\u0117s [&hellip;]<\/p>\n","protected":false},"author":1,"featured_media":0,"parent":0,"menu_order":0,"comment_status":"closed","ping_status":"closed","template":"","meta":{"om_disable_all_campaigns":false,"_monsterinsights_skip_tracking":false,"_monsterinsights_sitenote_active":false,"_monsterinsights_sitenote_note":"","_monsterinsights_sitenote_category":0},"_links":{"self":[{"href":"https:\/\/aviarte.lt\/index.php\/wp-json\/wp\/v2\/pages\/92"}],"collection":[{"href":"https:\/\/aviarte.lt\/index.php\/wp-json\/wp\/v2\/pages"}],"about":[{"href":"https:\/\/aviarte.lt\/index.php\/wp-json\/wp\/v2\/types\/page"}],"author":[{"embeddable":true,"href":"https:\/\/aviarte.lt\/index.php\/wp-json\/wp\/v2\/users\/1"}],"replies":[{"embeddable":true,"href":"https:\/\/aviarte.lt\/index.php\/wp-json\/wp\/v2\/comments?post=92"}],"version-history":[{"count":8,"href":"https:\/\/aviarte.lt\/index.php\/wp-json\/wp\/v2\/pages\/92\/revisions"}],"predecessor-version":[{"id":350,"href":"https:\/\/aviarte.lt\/index.php\/wp-json\/wp\/v2\/pages\/92\/revisions\/350"}],"wp:attachment":[{"href":"https:\/\/aviarte.lt\/index.php\/wp-json\/wp\/v2\/media?parent=92"}],"curies":[{"name":"wp","href":"https:\/\/api.w.org\/{rel}","templated":true}]}}