{"id":183,"date":"2022-04-18T12:37:46","date_gmt":"2022-04-18T12:37:46","guid":{"rendered":"https:\/\/aviarte.lt\/?page_id=183"},"modified":"2022-04-18T12:37:46","modified_gmt":"2022-04-18T12:37:46","slug":"pristatymo-taisykles","status":"publish","type":"page","link":"https:\/\/aviarte.lt\/index.php\/pristatymo-taisykles\/","title":{"rendered":"Pristatymo taisykl\u0117s"},"content":{"rendered":"\n<p><strong>ristatymas<\/strong><\/p>\n\n\n\n<p>M\u016bs\u0173 el. parduotuv\u0117je prekes galite u\u017esisakyti bet kuriuo paros metu, bet kuri\u0105 savait\u0117s dien\u0105. U\u017esakydami prekes, galite pasirinkti patogiausi\u0105 Jums preki\u0173 pristatymo b\u016bd\u0105.<br>Jeigu j\u016bs\u0173 i\u0161sirinkto u\u017esakymo suma vir\u0161ija&nbsp;<strong>58 Eur&nbsp;<\/strong>sum\u0105, tuomet jums preki\u0173 pristatymas bus&nbsp;<strong>nemokamas<\/strong>, kitu atveju preki\u0173 pristatymas kainuos 2.90 Eur (\u012f Kur\u0161i\u0173 Nerij\u0105 prek\u0117s pristatomos atskiru susitarimu).<br>Mes jums galime pasi\u016blyti keturis pristatymo b\u016bdus:<\/p>\n\n\n\n<p><strong>Prekes pristatysime nuo 14 iki 45 dien\u0173 laikotarpiu.<\/strong><\/p>\n","protected":false},"excerpt":{"rendered":"<p>ristatymas M\u016bs\u0173 el. parduotuv\u0117je prekes galite u\u017esisakyti bet kuriuo paros metu, bet kuri\u0105 savait\u0117s dien\u0105. U\u017esakydami prekes, galite pasirinkti patogiausi\u0105 Jums preki\u0173 pristatymo b\u016bd\u0105.Jeigu j\u016bs\u0173 i\u0161sirinkto u\u017esakymo suma vir\u0161ija&nbsp;58 Eur&nbsp;sum\u0105, [&hellip;]<\/p>\n","protected":false},"author":1,"featured_media":0,"parent":0,"menu_order":0,"comment_status":"closed","ping_status":"closed","template":"","meta":{"om_disable_all_campaigns":false,"_monsterinsights_skip_tracking":false,"_monsterinsights_sitenote_active":false,"_monsterinsights_sitenote_note":"","_monsterinsights_sitenote_category":0},"_links":{"self":[{"href":"https:\/\/aviarte.lt\/index.php\/wp-json\/wp\/v2\/pages\/183"}],"collection":[{"href":"https:\/\/aviarte.lt\/index.php\/wp-json\/wp\/v2\/pages"}],"about":[{"href":"https:\/\/aviarte.lt\/index.php\/wp-json\/wp\/v2\/types\/page"}],"author":[{"embeddable":true,"href":"https:\/\/aviarte.lt\/index.php\/wp-json\/wp\/v2\/users\/1"}],"replies":[{"embeddable":true,"href":"https:\/\/aviarte.lt\/index.php\/wp-json\/wp\/v2\/comments?post=183"}],"version-history":[{"count":1,"href":"https:\/\/aviarte.lt\/index.php\/wp-json\/wp\/v2\/pages\/183\/revisions"}],"predecessor-version":[{"id":184,"href":"https:\/\/aviarte.lt\/index.php\/wp-json\/wp\/v2\/pages\/183\/revisions\/184"}],"wp:attachment":[{"href":"https:\/\/aviarte.lt\/index.php\/wp-json\/wp\/v2\/media?parent=183"}],"curies":[{"name":"wp","href":"https:\/\/api.w.org\/{rel}","templated":true}]}}